{"id":287,"date":"2021-03-30T17:29:24","date_gmt":"2021-03-30T17:29:24","guid":{"rendered":"https:\/\/shelflifezucchina.com\/?page_id=287"},"modified":"2023-02-27T16:16:41","modified_gmt":"2023-02-27T16:16:41","slug":"progetto","status":"publish","type":"page","link":"https:\/\/shelflifezucchina.com\/it\/progetto\/","title":{"rendered":"Progetto"},"content":{"rendered":"<div      class=\"vc_row wpb_row section vc_row-fluid  grid_section\" style=' text-align:left;'><div class=\" section_inner clearfix\"><div class='section_inner_margin clearfix'><div class=\"wpb_column vc_column_container vc_col-sm-12\"><div class=\"vc_column-inner vc_custom_1517404757263\"><div class=\"wpb_wrapper\">\t<div class=\"vc_empty_space\"  style=\"height: 50px\" ><span\n\t\t\tclass=\"vc_empty_space_inner\">\n\t\t\t<span class=\"empty_space_image\"  ><\/span>\n\t\t<\/span><\/div>\n\n<\/div><\/div><\/div><\/div><\/div><\/div><div      class=\"vc_row wpb_row section vc_row-fluid  vc_custom_1517562308379 grid_section\" style=' text-align:center;'><div class=\" section_inner clearfix\"><div class='section_inner_margin clearfix'><div class=\"wpb_column vc_column_container vc_col-sm-6 vc_col-lg-3 vc_col-md-6\"><div class=\"vc_column-inner\"><div class=\"wpb_wrapper\">\n\t<div class=\"wpb_single_image wpb_content_element vc_align_center\">\n\t\t<div class=\"wpb_wrapper\">\n\t\t\t\n\t\t\t<div class=\"vc_single_image-wrapper   vc_box_border_grey\"><img width=\"55\" height=\"60\" src=\"https:\/\/shelflifezucchina.com\/wp-content\/uploads\/2018\/01\/counter-image-1.png\" class=\"vc_single_image-img attachment-full\" alt=\"f\" decoding=\"async\" loading=\"lazy\" \/><\/div>\n\t\t<\/div>\n\t<\/div>\n\n\t<div class=\"wpb_text_column wpb_content_element \">\n\t\t<div class=\"wpb_wrapper\">\n\t\t\t<h4>12 partner tra cui imprese agricole, laboratori ed enti di ricerca<\/h4>\n\n\t\t<\/div> \n\t<\/div> \t<div class=\"vc_empty_space\"  style=\"height: 50px\" ><span\n\t\t\tclass=\"vc_empty_space_inner\">\n\t\t\t<span class=\"empty_space_image\"  ><\/span>\n\t\t<\/span><\/div>\n\n<\/div><\/div><\/div><div class=\"wpb_column vc_column_container vc_col-sm-6 vc_col-lg-3 vc_col-md-6\"><div class=\"vc_column-inner\"><div class=\"wpb_wrapper\">\n\t<div class=\"wpb_single_image wpb_content_element vc_align_center\">\n\t\t<div class=\"wpb_wrapper\">\n\t\t\t\n\t\t\t<div class=\"vc_single_image-wrapper   vc_box_border_grey\"><img width=\"55\" height=\"60\" src=\"https:\/\/shelflifezucchina.com\/wp-content\/uploads\/2018\/01\/counter-image-4.png\" class=\"vc_single_image-img attachment-full\" alt=\"h\" decoding=\"async\" loading=\"lazy\" \/><\/div>\n\t\t<\/div>\n\t<\/div>\n\n\t<div class=\"wpb_text_column wpb_content_element \">\n\t\t<div class=\"wpb_wrapper\">\n\t\t\t<h4>innovazione di filiera: dal genotipo al packaging<\/h4>\n\n\t\t<\/div> \n\t<\/div> \t<div class=\"vc_empty_space\"  style=\"height: 50px\" ><span\n\t\t\tclass=\"vc_empty_space_inner\">\n\t\t\t<span class=\"empty_space_image\"  ><\/span>\n\t\t<\/span><\/div>\n\n<\/div><\/div><\/div><div class=\"wpb_column vc_column_container vc_col-sm-6 vc_col-lg-3 vc_col-md-6\"><div class=\"vc_column-inner\"><div class=\"wpb_wrapper\">\n\t<div class=\"wpb_single_image wpb_content_element vc_align_center\">\n\t\t<div class=\"wpb_wrapper\">\n\t\t\t\n\t\t\t<div class=\"vc_single_image-wrapper   vc_box_border_grey\"><img width=\"57\" height=\"60\" src=\"https:\/\/shelflifezucchina.com\/wp-content\/uploads\/2018\/01\/icon-2.png\" class=\"vc_single_image-img attachment-full\" alt=\"l\" decoding=\"async\" loading=\"lazy\" \/><\/div>\n\t\t<\/div>\n\t<\/div>\n\n\t<div class=\"wpb_text_column wpb_content_element \">\n\t\t<div class=\"wpb_wrapper\">\n\t\t\t<h4>aumentare l&#8217;efficacia dell&#8217;irrigazione riducendo gli sprechi d&#8217;acqua<\/h4>\n\n\t\t<\/div> \n\t<\/div> \t<div class=\"vc_empty_space\"  style=\"height: 50px\" ><span\n\t\t\tclass=\"vc_empty_space_inner\">\n\t\t\t<span class=\"empty_space_image\"  ><\/span>\n\t\t<\/span><\/div>\n\n<\/div><\/div><\/div><div class=\"wpb_column vc_column_container vc_col-sm-6 vc_col-lg-3 vc_col-md-6\"><div class=\"vc_column-inner\"><div class=\"wpb_wrapper\">\n\t<div class=\"wpb_single_image wpb_content_element vc_align_center\">\n\t\t<div class=\"wpb_wrapper\">\n\t\t\t\n\t\t\t<div class=\"vc_single_image-wrapper   vc_box_border_grey\"><img width=\"60\" height=\"60\" src=\"https:\/\/shelflifezucchina.com\/wp-content\/uploads\/2018\/01\/icon-3.png\" class=\"vc_single_image-img attachment-full\" alt=\"c\" decoding=\"async\" loading=\"lazy\" \/><\/div>\n\t\t<\/div>\n\t<\/div>\n\n\t<div class=\"wpb_text_column wpb_content_element \">\n\t\t<div class=\"wpb_wrapper\">\n\t\t\t<h4>residui colturali: da rifiuto a risorsa<\/h4>\n\n\t\t<\/div> \n\t<\/div> \t<div class=\"vc_empty_space\"  style=\"height: 50px\" ><span\n\t\t\tclass=\"vc_empty_space_inner\">\n\t\t\t<span class=\"empty_space_image\"  ><\/span>\n\t\t<\/span><\/div>\n\n<\/div><\/div><\/div><\/div><\/div><\/div><div      class=\"vc_row wpb_row section vc_row-fluid  grid_section\" style=' text-align:left;'><div class=\" section_inner clearfix\"><div class='section_inner_margin clearfix'><div class=\"wpb_column vc_column_container vc_col-sm-12\"><div class=\"vc_column-inner vc_custom_1517404757263\"><div class=\"wpb_wrapper\"><div class=\"separator  small center  \" style=\"margin-top: 0px;margin-bottom: 0px;background-color: #edf1f2;height: 2px;width: 1100px;\"><\/div>\n<\/div><\/div><\/div><\/div><\/div><\/div><div      class=\"vc_row wpb_row section vc_row-fluid  vc_custom_1517405795406\" style=' text-align:left;'><div class=\" full_section_inner clearfix\"><div class=\"wpb_column vc_column_container vc_col-sm-12 vc_col-lg-4 vc_col-md-4\"><div class=\"vc_column-inner\"><div class=\"wpb_wrapper\"><div class='q_elements_holder one_column responsive_mode_from_768' ><div class='q_elements_item ' data-1280-1440='0 0 0 156px' data-1024-1280='0 0 0 85px' data-768-1024='0 0 0 20px' data-600-768='0 48px 0 99px' data-480='0 0 0 74px' data-animation='no' data-item-class='q_elements_holder_custom_126329'><div class='q_elements_item_inner'><div class='q_elements_item_content q_elements_holder_custom_126329' style='padding:0 0 0 277px'>\n\t<div class=\"wpb_text_column wpb_content_element \">\n\t\t<div class=\"wpb_wrapper\">\n\t\t\t<h1>Scopo del progetto<\/h1>\n\n\t\t<\/div> \n\t<\/div> \t<div class=\"vc_empty_space\"  style=\"height: 9px\" ><span\n\t\t\tclass=\"vc_empty_space_inner\">\n\t\t\t<span class=\"empty_space_image\"  ><\/span>\n\t\t<\/span><\/div>\n\n\n\t<div class=\"wpb_text_column wpb_content_element \">\n\t\t<div class=\"wpb_wrapper\">\n\t\t\t<h4>ricerca e innovazione<\/h4>\n\n\t\t<\/div> \n\t<\/div> \t<div class=\"vc_empty_space\"  style=\"height: 28px\" ><span\n\t\t\tclass=\"vc_empty_space_inner\">\n\t\t\t<span class=\"empty_space_image\"  ><\/span>\n\t\t<\/span><\/div>\n\n\t<div class=\"vc_empty_space\"  style=\"height: 28px\" ><span\n\t\t\tclass=\"vc_empty_space_inner\">\n\t\t\t<span class=\"empty_space_image\"  ><\/span>\n\t\t<\/span><\/div>\n\n<a  itemprop=\"url\" href=\"\/partner\" target=\"_self\"  class=\"qbutton  default\" style=\"\">I partner del progetto<\/a>\t<div class=\"vc_empty_space\"  style=\"height: 50px\" ><span\n\t\t\tclass=\"vc_empty_space_inner\">\n\t\t\t<span class=\"empty_space_image\"  ><\/span>\n\t\t<\/span><\/div>\n\n<\/div><\/div><\/div><\/div><\/div><\/div><\/div><div class=\"wpb_column vc_column_container vc_col-sm-12 vc_col-lg-8 vc_col-md-8\"><div class=\"vc_column-inner\"><div class=\"wpb_wrapper\"><div class='q_elements_holder one_column responsive_mode_from_768' ><div class='q_elements_item ' data-1280-1440='0 148px 0 94px' data-1024-1280='0 72px 0 72px' data-600-768='0 94px 0 94px' data-480='0px 90px 0 76px' data-animation='no' data-item-class='q_elements_holder_custom_368621'><div class='q_elements_item_inner'><div class='q_elements_item_content q_elements_holder_custom_368621' style='padding:0 268px 0 94px'>\n\t<div class=\"wpb_text_column wpb_content_element \">\n\t\t<div class=\"wpb_wrapper\">\n\t\t\t<h2>Produzione sostenibile di zucchina<\/h2>\n\n\t\t<\/div> \n\t<\/div> \t<div class=\"vc_empty_space\"  style=\"height: 21px\" ><span\n\t\t\tclass=\"vc_empty_space_inner\">\n\t\t\t<span class=\"empty_space_image\"  ><\/span>\n\t\t<\/span><\/div>\n\n\n\t<div class=\"wpb_text_column wpb_content_element \">\n\t\t<div class=\"wpb_wrapper\">\n\t\t\t<p>Lo scopo del Progetto \u00e8 quello di venire incontro ad alcuni particolari fabbisogni tecnici della coltivazione della <strong>zucchina in Sicilia<\/strong>, che possono essere soddisfatti solo attraverso l\u2019introduzione di <strong>innovazioni di processo e di prodotto<\/strong>. Le innovazioni proposte riguarderanno tutte <strong>le fasi della filiera<\/strong>, dal campo allo scaffale, dalla trasformazione del prodotto al <strong>reimpiego di scarti e residui<\/strong> e daranno un grande valore aggiunto, riducendone al tempo stesso l\u2019impatto ambientale.<\/p>\n<p>Tra le innovazioni vi \u00e8 la messa a punto di protocolli agronomici che includano la <strong>razionalizzazione della tecnica di concimazione<\/strong>.<\/p>\n<p>La zucchina \u00e8 una specie con ha <strong>elevati fabbisogni idrici<\/strong>, tuttavia, la necessit\u00e0 di <strong>risparmiare acqua<\/strong> impone l\u2019adozione di tecniche che massimizzino l\u2019efficienza e l\u2019efficacia dell\u2019irrigazione.<\/p>\n\n\t\t<\/div> \n\t<\/div> \t<div class=\"vc_empty_space\"  style=\"height: 28px\" ><span\n\t\t\tclass=\"vc_empty_space_inner\">\n\t\t\t<span class=\"empty_space_image\"  ><\/span>\n\t\t<\/span><\/div>\n\n\t<div class=\"vc_empty_space\"  style=\"height: 79px\" ><span\n\t\t\tclass=\"vc_empty_space_inner\">\n\t\t\t<span class=\"empty_space_image\"  ><\/span>\n\t\t<\/span><\/div>\n\n<\/div><\/div><\/div><\/div><\/div><\/div><\/div><\/div><\/div><div      class=\"vc_row wpb_row section vc_row-fluid  vc_custom_1617127309326\" style=' text-align:left;'><div class=\" full_section_inner clearfix\"><div class=\"wpb_column vc_column_container vc_col-sm-12 vc_col-lg-4 vc_col-md-4\"><div class=\"vc_column-inner\"><div class=\"wpb_wrapper\"><div class='q_elements_holder one_column responsive_mode_from_768' ><div class='q_elements_item ' data-1280-1440='0 0 0 156px' data-1024-1280='0 0 0 85px' data-768-1024='0 0 0 20px' data-600-768='0 48px 0 99px' data-480='0 0 0 74px' data-animation='no' data-item-class='q_elements_holder_custom_707983'><div class='q_elements_item_inner'><div class='q_elements_item_content q_elements_holder_custom_707983' style='padding:0 0 0 277px'>\n\t<div class=\"wpb_text_column wpb_content_element \">\n\t\t<div class=\"wpb_wrapper\">\n\t\t\t<h1>Innovazioni<\/h1>\n\n\t\t<\/div> \n\t<\/div> \t<div class=\"vc_empty_space\"  style=\"height: 9px\" ><span\n\t\t\tclass=\"vc_empty_space_inner\">\n\t\t\t<span class=\"empty_space_image\"  ><\/span>\n\t\t<\/span><\/div>\n\n\n\t<div class=\"wpb_text_column wpb_content_element \">\n\t\t<div class=\"wpb_wrapper\">\n\t\t\t<h4>obiettivi e risultati attesi<\/h4>\n\n\t\t<\/div> \n\t<\/div> \t<div class=\"vc_empty_space\"  style=\"height: 28px\" ><span\n\t\t\tclass=\"vc_empty_space_inner\">\n\t\t\t<span class=\"empty_space_image\"  ><\/span>\n\t\t<\/span><\/div>\n\n\t<div class=\"vc_empty_space\"  style=\"height: 28px\" ><span\n\t\t\tclass=\"vc_empty_space_inner\">\n\t\t\t<span class=\"empty_space_image\"  ><\/span>\n\t\t<\/span><\/div>\n\n\t<div class=\"vc_empty_space\"  style=\"height: 28px\" ><span\n\t\t\tclass=\"vc_empty_space_inner\">\n\t\t\t<span class=\"empty_space_image\"  ><\/span>\n\t\t<\/span><\/div>\n\n\t<div class=\"vc_empty_space\"  style=\"height: 28px\" ><span\n\t\t\tclass=\"vc_empty_space_inner\">\n\t\t\t<span class=\"empty_space_image\"  ><\/span>\n\t\t<\/span><\/div>\n\n\t<div class=\"vc_empty_space\"  style=\"height: 50px\" ><span\n\t\t\tclass=\"vc_empty_space_inner\">\n\t\t\t<span class=\"empty_space_image\"  ><\/span>\n\t\t<\/span><\/div>\n\n<\/div><\/div><\/div><\/div><\/div><\/div><\/div><div class=\"wpb_column vc_column_container vc_col-sm-12 vc_col-lg-8 vc_col-md-8\"><div class=\"vc_column-inner\"><div class=\"wpb_wrapper\"><div class='q_elements_holder one_column responsive_mode_from_768' ><div class='q_elements_item ' data-1280-1440='0 148px 0 94px' data-1024-1280='0 72px 0 72px' data-600-768='0 94px 0 94px' data-480='0px 90px 0 76px' data-animation='no' data-item-class='q_elements_holder_custom_522039'><div class='q_elements_item_inner'><div class='q_elements_item_content q_elements_holder_custom_522039' style='padding:0 268px 0 94px'>\t<div class=\"vc_empty_space\"  style=\"height: 21px\" ><span\n\t\t\tclass=\"vc_empty_space_inner\">\n\t\t\t<span class=\"empty_space_image\"  ><\/span>\n\t\t<\/span><\/div>\n\n\t<div class=\"vc_empty_space\"  style=\"height: 21px\" ><span\n\t\t\tclass=\"vc_empty_space_inner\">\n\t\t\t<span class=\"empty_space_image\"  ><\/span>\n\t\t<\/span><\/div>\n\n\t<div class=\"vc_empty_space\"  style=\"height: 21px\" ><span\n\t\t\tclass=\"vc_empty_space_inner\">\n\t\t\t<span class=\"empty_space_image\"  ><\/span>\n\t\t<\/span><\/div>\n\n\n\t<div class=\"wpb_text_column wpb_content_element \">\n\t\t<div class=\"wpb_wrapper\">\n\t\t\t<p class=\"western\" align=\"justify\">Tra le innovazioni di processo da introdurre vi \u00e8 anche la messa a punto di un <strong>protocollo di irrigazione<\/strong> in cui si tenga conto del potenziale idrico nel terreno e delle differenti esigenze delle piante nelle differenti fasi fenologiche.<\/p>\n<p class=\"western\" align=\"justify\">Al fine di monitorare i parametri per la gestione degli interventi colturali si prevede di realizzare un <strong>Sistema di supporto alle decisioni (SSD)<\/strong> mediante l\u2019uso di <strong>capannine meteo e tensiometri<\/strong>, queste, attraverso un software collegato a dei sensori (umidit\u00e0, temperatura, bagnatura fogliare, ecc.), permetterebbe di avere i dati in tempo reale consentendo di modulare al meglio la <strong>tecnica agronomica ottimale<\/strong> messa a punto per le diverse variet\u00e0 di zucchino.<\/p>\n<p class=\"western\" align=\"justify\">Alcuni genotipi di zucchina gi\u00e0 presenti sul mercato saranno messi alla prova per valutarne la risposta produttiva (in termini di quantit\u00e0, qualit\u00e0 e precocit\u00e0) in rapporto agli <i>input<\/i> colturali e all\u2019ambiente di coltivazione.<\/p>\n<p class=\"western\" align=\"justify\">Tale indagine servir\u00e0 anche a provare l\u2019<strong>idoneit\u00e0 di genotipi<\/strong> i cui frutti hanno un maggiore tenore in sostanza secca. Ci\u00f2 \u00e8 di particolare interesse perch\u00e9 la zucchina un minore contenuto d\u2019acqua pu\u00f2 prolungarne la cosiddetta <strong><em>\u201cvita di scaffale\u201d (shelflife)<\/em><\/strong>. A tal proposito, le tecniche innovative nel post-raccolta possono dare un contributo notevole al consolidamento e all\u2019espansione della coltivazione nell\u2019areale siciliano. In particolare, il Progetto prevede di mettere a punto trattamenti con ozono del prodotto fresco, l\u2019uso di packaging innovativi e la realizzazione della zucchina di V gamma, cio\u00e8 di un prodotto sottoposto a un trattamento termico, pronto all\u2019uso e conservato in un opportuno packaging, quest\u2019ultimo oltre a prolungare la <i>shelf-life<\/i> del prodotto potr\u00e0 rafforzarne l\u2019identit\u00e0 commerciale.<\/p>\n<p class=\"western\" align=\"justify\">La zucchina \u00e8 una pianta che lascia in campo una non trascurabile quantit\u00e0 di <strong>residui colturali<\/strong>. Questi, che fino a oggi hanno rappresentato un rifiuto da smaltire, <strong>possono diventare una risorsa<\/strong> per reintegrare la fertilit\u00e0 del terreno e per la produzione di energia. In particolare, il Progetto prevede che i residui colturali possano essere utilizzati nella<strong> produzione di compost<\/strong> oppure essere valorizzati per la <strong>produzione di pellet<\/strong>.<\/p>\n<p class=\"western\" align=\"justify\">Saranno introdotte procedure di controllo e certificazione attraverso l\u2019adozione di un disciplinare di produzione riportante specifiche indicazioni colturali sia per le aziende che producono secondo sistemi di produzione integrata, metodi di gestione ecosostenibile o agricoltura biologica. Entro la fine del progetto le aziende partner potranno acquisire su base volontaria una <strong>certificazione di prodotto<\/strong> rilasciata da un organismo di controllo che ne certificher\u00e0 la conformit\u00e0 al documento tecnico di riferimento.<\/p>\n\n\t\t<\/div> \n\t<\/div> \t<div class=\"vc_empty_space\"  style=\"height: 79px\" ><span\n\t\t\tclass=\"vc_empty_space_inner\">\n\t\t\t<span class=\"empty_space_image\"  ><\/span>\n\t\t<\/span><\/div>\n\n<\/div><\/div><\/div><\/div><\/div><\/div><\/div><\/div><\/div><div      class=\"vc_row wpb_row section vc_row-fluid  vc_custom_1517562308379 grid_section\" style=' text-align:center;'><div class=\" section_inner clearfix\"><div class='section_inner_margin clearfix'><div class=\"wpb_column vc_column_container vc_col-sm-6 vc_col-lg-3 vc_col-md-6\"><div class=\"vc_column-inner\"><div class=\"wpb_wrapper\">\n\t<div class=\"wpb_single_image wpb_content_element vc_align_center\">\n\t\t<div class=\"wpb_wrapper\">\n\t\t\t\n\t\t\t<a href=\"https:\/\/www.politicheagricole.it\/\" target=\"_blank\"><div class=\"vc_single_image-wrapper   vc_box_border_grey\"><img width=\"500\" height=\"500\" src=\"https:\/\/shelflifezucchina.com\/wp-content\/uploads\/2021\/03\/logo_mipaaf.jpg\" class=\"vc_single_image-img attachment-full\" alt=\"\" decoding=\"async\" loading=\"lazy\" srcset=\"https:\/\/shelflifezucchina.com\/wp-content\/uploads\/2021\/03\/logo_mipaaf.jpg 500w, https:\/\/shelflifezucchina.com\/wp-content\/uploads\/2021\/03\/logo_mipaaf-300x300.jpg 300w, https:\/\/shelflifezucchina.com\/wp-content\/uploads\/2021\/03\/logo_mipaaf-150x150.jpg 150w\" sizes=\"(max-width: 500px) 100vw, 500px\" \/><\/div><\/a>\n\t\t<\/div>\n\t<\/div>\n\t<div class=\"vc_empty_space\"  style=\"height: 50px\" ><span\n\t\t\tclass=\"vc_empty_space_inner\">\n\t\t\t<span class=\"empty_space_image\"  ><\/span>\n\t\t<\/span><\/div>\n\n<\/div><\/div><\/div><div class=\"wpb_column vc_column_container vc_col-sm-6 vc_col-lg-3 vc_col-md-6\"><div class=\"vc_column-inner\"><div class=\"wpb_wrapper\">\n\t<div class=\"wpb_single_image wpb_content_element vc_align_center\">\n\t\t<div class=\"wpb_wrapper\">\n\t\t\t\n\t\t\t<a href=\"https:\/\/eur-lex.europa.eu\/legal-content\/IT\/TXT\/?uri=LEGISSUM:l60032\" target=\"_blank\"><div class=\"vc_single_image-wrapper   vc_box_border_grey\"><img width=\"500\" height=\"500\" src=\"https:\/\/shelflifezucchina.com\/wp-content\/uploads\/2021\/03\/logo_feasr.jpg\" class=\"vc_single_image-img attachment-full\" alt=\"\" decoding=\"async\" loading=\"lazy\" srcset=\"https:\/\/shelflifezucchina.com\/wp-content\/uploads\/2021\/03\/logo_feasr.jpg 500w, https:\/\/shelflifezucchina.com\/wp-content\/uploads\/2021\/03\/logo_feasr-300x300.jpg 300w, https:\/\/shelflifezucchina.com\/wp-content\/uploads\/2021\/03\/logo_feasr-150x150.jpg 150w\" sizes=\"(max-width: 500px) 100vw, 500px\" \/><\/div><\/a>\n\t\t<\/div>\n\t<\/div>\n\t<div class=\"vc_empty_space\"  style=\"height: 50px\" ><span\n\t\t\tclass=\"vc_empty_space_inner\">\n\t\t\t<span class=\"empty_space_image\"  ><\/span>\n\t\t<\/span><\/div>\n\n<\/div><\/div><\/div><div class=\"wpb_column vc_column_container vc_col-sm-6 vc_col-lg-3 vc_col-md-6\"><div class=\"vc_column-inner\"><div class=\"wpb_wrapper\">\n\t<div class=\"wpb_single_image wpb_content_element vc_align_center\">\n\t\t<div class=\"wpb_wrapper\">\n\t\t\t\n\t\t\t<a href=\"http:\/\/www.psrsicilia.it\/\" target=\"_blank\"><div class=\"vc_single_image-wrapper   vc_box_border_grey\"><img width=\"500\" height=\"500\" src=\"https:\/\/shelflifezucchina.com\/wp-content\/uploads\/2021\/03\/logo_psr_sicilia_2014_2020.jpg\" class=\"vc_single_image-img attachment-full\" alt=\"\" decoding=\"async\" loading=\"lazy\" srcset=\"https:\/\/shelflifezucchina.com\/wp-content\/uploads\/2021\/03\/logo_psr_sicilia_2014_2020.jpg 500w, https:\/\/shelflifezucchina.com\/wp-content\/uploads\/2021\/03\/logo_psr_sicilia_2014_2020-300x300.jpg 300w, https:\/\/shelflifezucchina.com\/wp-content\/uploads\/2021\/03\/logo_psr_sicilia_2014_2020-150x150.jpg 150w\" sizes=\"(max-width: 500px) 100vw, 500px\" \/><\/div><\/a>\n\t\t<\/div>\n\t<\/div>\n\t<div class=\"vc_empty_space\"  style=\"height: 50px\" ><span\n\t\t\tclass=\"vc_empty_space_inner\">\n\t\t\t<span class=\"empty_space_image\"  ><\/span>\n\t\t<\/span><\/div>\n\n<\/div><\/div><\/div><div class=\"wpb_column vc_column_container vc_col-sm-6 vc_col-lg-3 vc_col-md-6\"><div class=\"vc_column-inner\"><div class=\"wpb_wrapper\">\n\t<div class=\"wpb_single_image wpb_content_element vc_align_center\">\n\t\t<div class=\"wpb_wrapper\">\n\t\t\t\n\t\t\t<a href=\"http:\/\/pti.regione.sicilia.it\/portal\/page\/portal\/7B72F17853A28E85E040060A02013B02\" target=\"_blank\"><div class=\"vc_single_image-wrapper   vc_box_border_grey\"><img width=\"500\" height=\"500\" src=\"https:\/\/shelflifezucchina.com\/wp-content\/uploads\/2021\/03\/logo_regione_siciliana_ass_agricoltura.jpg\" class=\"vc_single_image-img attachment-full\" alt=\"\" decoding=\"async\" loading=\"lazy\" srcset=\"https:\/\/shelflifezucchina.com\/wp-content\/uploads\/2021\/03\/logo_regione_siciliana_ass_agricoltura.jpg 500w, https:\/\/shelflifezucchina.com\/wp-content\/uploads\/2021\/03\/logo_regione_siciliana_ass_agricoltura-300x300.jpg 300w, https:\/\/shelflifezucchina.com\/wp-content\/uploads\/2021\/03\/logo_regione_siciliana_ass_agricoltura-150x150.jpg 150w\" sizes=\"(max-width: 500px) 100vw, 500px\" \/><\/div><\/a>\n\t\t<\/div>\n\t<\/div>\n\t<div class=\"vc_empty_space\"  style=\"height: 50px\" ><span\n\t\t\tclass=\"vc_empty_space_inner\">\n\t\t\t<span class=\"empty_space_image\"  ><\/span>\n\t\t<\/span><\/div>\n\n<\/div><\/div><\/div><\/div><\/div><\/div><div      class=\"vc_row wpb_row section vc_row-fluid \" style=' text-align:left;'><div class=\" full_section_inner clearfix\"><div class=\"wpb_column vc_column_container vc_col-sm-12\"><div class=\"vc_column-inner\"><div class=\"wpb_wrapper\">\n\t<div class=\"wpb_text_column wpb_content_element \">\n\t\t<div class=\"wpb_wrapper\">\n\t\t\t<p style=\"text-align: center;\">Attivit\u00e0 realizzata nell\u2019ambito del Programma di Sviluppo Rurale 2014-2020 \u2013 MISURA 16 &#8211; COOPERAZIONE<br \/>\nSOTTOMISURA 16.1 \u201cSostegno per la costituzione e la gestione dei gruppi operativi del PEI in materia di produttivit\u00e0 e sostenibilit\u00e0 dell\u2019agricoltura\u201d<\/p>\n\n\t\t<\/div> \n\t<\/div> \t<div class=\"vc_empty_space\"  style=\"height: 64px\" ><span\n\t\t\tclass=\"vc_empty_space_inner\">\n\t\t\t<span class=\"empty_space_image\"  ><\/span>\n\t\t<\/span><\/div>\n\n<\/div><\/div><\/div><\/div><\/div>\n","protected":false},"excerpt":{"rendered":"12 partner tra cui imprese agricole, laboratori ed enti di ricerca innovazione di filiera: dal genotipo al packaging aumentare l'efficacia dell'irrigazione riducendo gli sprechi d'acqua residui colturali: da rifiuto a risorsa Scopo del progetto ricerca e innovazione I partner del progetto Produzione sostenibile di zucchina...","protected":false},"author":1,"featured_media":0,"parent":0,"menu_order":0,"comment_status":"closed","ping_status":"closed","template":"full_width.php","meta":[],"_links":{"self":[{"href":"https:\/\/shelflifezucchina.com\/it\/wp-json\/wp\/v2\/pages\/287"}],"collection":[{"href":"https:\/\/shelflifezucchina.com\/it\/wp-json\/wp\/v2\/pages"}],"about":[{"href":"https:\/\/shelflifezucchina.com\/it\/wp-json\/wp\/v2\/types\/page"}],"author":[{"embeddable":true,"href":"https:\/\/shelflifezucchina.com\/it\/wp-json\/wp\/v2\/users\/1"}],"replies":[{"embeddable":true,"href":"https:\/\/shelflifezucchina.com\/it\/wp-json\/wp\/v2\/comments?post=287"}],"version-history":[{"count":13,"href":"https:\/\/shelflifezucchina.com\/it\/wp-json\/wp\/v2\/pages\/287\/revisions"}],"predecessor-version":[{"id":379,"href":"https:\/\/shelflifezucchina.com\/it\/wp-json\/wp\/v2\/pages\/287\/revisions\/379"}],"wp:attachment":[{"href":"https:\/\/shelflifezucchina.com\/it\/wp-json\/wp\/v2\/media?parent=287"}],"curies":[{"name":"wp","href":"https:\/\/api.w.org\/{rel}","templated":true}]}}